{"id":1496,"date":"2023-06-12T09:42:54","date_gmt":"2023-06-12T09:42:54","guid":{"rendered":"https:\/\/digilead-project.eu\/training-course\/"},"modified":"2024-01-19T12:33:41","modified_gmt":"2024-01-19T12:33:41","slug":"training-course","status":"publish","type":"page","link":"https:\/\/digilead-project.eu\/pt-pt\/training-course\/","title":{"rendered":"Curso de Forma\u00e7\u00e3o"},"content":{"rendered":"<h1>Curso de Forma\u00e7\u00e3o<\/h1>\n<div>\n<p><span class=\"HwtZe\" jsaction=\"mouseup:Sxi9L,BR6jm; mousedown:qjlr0e\" jsname=\"jqKxS\" lang=\"pt\"><span jsaction=\"agoMJf:PFBcW;MZfLnc:P7O7bd;nt4Alf:pvnm0e,pfE8Hb,PFBcW;B01qod:dJXsye;H1e5u:iXtTIf;lYIUJf:hij5Wb;bmeZHc:iURhpf;Oxj3Xe:qAKMYb,yaf12d\" jsname=\"txFAF\" class=\"jCAhz ChMk0b\" jscontroller=\"Gn4SMb\"><span class=\"ryNqvb\" jsaction=\"click:E6Tfl,GFf3ac,tMZCfe; contextmenu:Nqw7Te,QP7LD; mouseout:Nqw7Te; mouseover:E6Tfl,c2aHje\" jsname=\"W297wb\">Este \u00e9 um curso de forma\u00e7\u00e3o presencial para l\u00edderes escolares sobre como desenvolver estrat\u00e9gias de transforma\u00e7\u00e3o digital nas suas escolas.<\/span><\/span><\/span><\/p>\n<\/div>\n<div>\n<p>        <img decoding=\"async\" src=\"\/wp-content\/uploads\/2022\/04\/intro-img.svg\" alt=\"\"><\/p>\n<h4>Guia<\/h4>\n<p><a href=\"\/wp-content\/uploads\/2023\/12\/Module_s-Guide.pdf\">Download<\/a><\/p>\n<\/div>\n<div>\n<p>        <img decoding=\"async\" src=\"\/wp-content\/uploads\/2022\/04\/intro-img.svg\" alt=\"\"><\/p>\n<h4>M\u00f3dulo 1<\/h4>\n<p><a href=\"\/wp-content\/uploads\/2023\/12\/Module-1-pt-PT.pdf\">Download<\/a><\/p>\n<\/div>\n<div>\n<p>        <img decoding=\"async\" src=\"\/wp-content\/uploads\/2022\/04\/intro-img.svg\" alt=\"\"><\/p>\n<h4>M\u00f3dulo 2<\/h4>\n<p><a href=\"\/wp-content\/uploads\/2023\/12\/Module-2-pt-PT.pdf\">Download<\/a><\/p>\n<\/div>\n<div>\n<p>        <img decoding=\"async\" src=\"\/wp-content\/uploads\/2022\/04\/intro-img.svg\" alt=\"\"><\/p>\n<h4>M\u00f3dulo 3<\/h4>\n<p><a href=\"\/wp-content\/uploads\/2023\/12\/Module-3-pt-PT.pdf\">Download<\/a><\/p>\n<\/div>\n<h3><span class=\"HwtZe\" jsaction=\"mouseup:Sxi9L,BR6jm; mousedown:qjlr0e\" jsname=\"jqKxS\" lang=\"pt\"><span jsaction=\"agoMJf:PFBcW;MZfLnc:P7O7bd;nt4Alf:pvnm0e,pfE8Hb,PFBcW;B01qod:dJXsye;H1e5u:iXtTIf;lYIUJf:hij5Wb;bmeZHc:iURhpf;Oxj3Xe:qAKMYb,yaf12d\" jsname=\"txFAF\" class=\"jCAhz ChMk0b\" jscontroller=\"Gn4SMb\"><span class=\"ryNqvb\" jsaction=\"click:E6Tfl,GFf3ac,tMZCfe; contextmenu:Nqw7Te,QP7LD; mouseout:Nqw7Te; mouseover:E6Tfl,c2aHje\" jsname=\"W297wb\">Material de apoio<\/span><\/span><\/span><\/h3>\n<div>\n<p><span class=\"HwtZe\" jsaction=\"mouseup:Sxi9L,BR6jm; mousedown:qjlr0e\" jsname=\"jqKxS\" lang=\"pt\"><span jsaction=\"agoMJf:PFBcW;MZfLnc:P7O7bd;nt4Alf:pvnm0e,pfE8Hb,PFBcW;B01qod:dJXsye;H1e5u:iXtTIf;lYIUJf:hij5Wb;bmeZHc:iURhpf;Oxj3Xe:qAKMYb,yaf12d\" jsname=\"txFAF\" class=\"jCAhz ChMk0b\" jscontroller=\"Gn4SMb\"><span class=\"ryNqvb\" jsaction=\"click:E6Tfl,GFf3ac,tMZCfe; contextmenu:Nqw7Te,QP7LD; mouseout:Nqw7Te; mouseover:E6Tfl,c2aHje\" jsname=\"W297wb\">Para os exerc\u00edcios pr\u00e1ticos dos m\u00f3dulos, voc\u00ea pode utilizar o seguinte material:<\/span><\/span><\/span><\/p>\n<\/div>\n<div>\n<p>        <img decoding=\"async\" src=\"\/wp-content\/uploads\/2022\/04\/intro-img.svg\" alt=\"\"><\/p>\n<h4>Fichas de trabalho<\/h4>\n<p><a href=\"\/wp-content\/uploads\/2023\/12\/WORKSHEETS_PT.pdf\">Download<\/a><\/p>\n<\/div>\n<div>\n<p>        <img decoding=\"async\" src=\"\/wp-content\/uploads\/2022\/04\/intro-img.svg\" alt=\"\"><\/p>\n<h4>SWOT Analysis<\/h4>\n<p><a href=\"\/wp-content\/uploads\/2023\/12\/DigiLEAD-SWOT_v2_PT.xlsx\">Download<\/a><\/p>\n<\/div>\n<p><!--more--><br \/>\n<!-- {\"type\":\"layout\",\"children\":[{\"type\":\"section\",\"props\":{\"style\":\"default\",\"width\":\"default\",\"vertical_align\":\"middle\",\"title_position\":\"top-left\",\"title_rotation\":\"left\",\"title_breakpoint\":\"xl\",\"image_position\":\"center-center\",\"padding\":\"small\",\"padding_remove_bottom\":true,\"padding_remove_top\":true},\"children\":[{\"type\":\"row\",\"children\":[{\"type\":\"column\",\"props\":{\"position_sticky_breakpoint\":\"m\",\"image_position\":\"center-center\",\"media_overlay_gradient\":\"\"},\"children\":[{\"type\":\"headline\",\"props\":{\"title_element\":\"h1\",\"content\":\"Curso de Forma\\u00e7\\u00e3o\"}},{\"type\":\"text\",\"props\":{\"margin\":\"default\",\"column_breakpoint\":\"m\",\"content\":\"\n\n<p><span class=\\\"HwtZe\\\" jsaction=\\\"mouseup:Sxi9L,BR6jm; mousedown:qjlr0e\\\" jsname=\\\"jqKxS\\\" lang=\\\"pt\\\"><span jsaction=\\\"agoMJf:PFBcW;MZfLnc:P7O7bd;nt4Alf:pvnm0e,pfE8Hb,PFBcW;B01qod:dJXsye;H1e5u:iXtTIf;lYIUJf:hij5Wb;bmeZHc:iURhpf;Oxj3Xe:qAKMYb,yaf12d\\\" jsname=\\\"txFAF\\\" class=\\\"jCAhz ChMk0b\\\" jscontroller=\\\"Gn4SMb\\\"><span class=\\\"ryNqvb\\\" jsaction=\\\"click:E6Tfl,GFf3ac,tMZCfe; contextmenu:Nqw7Te,QP7LD; mouseout:Nqw7Te; mouseover:E6Tfl,c2aHje\\\" jsname=\\\"W297wb\\\">Este \\u00e9 um curso de forma\\u00e7\\u00e3o presencial para l\\u00edderes escolares sobre como desenvolver estrat\\u00e9gias de transforma\\u00e7\\u00e3o digital nas suas escolas.<\\\/span><\\\/span><\\\/span><\\\/p>\"}}]}]}]},{\"type\":\"section\",\"props\":{\"style\":\"default\",\"width\":\"default\",\"vertical_align\":\"middle\",\"title_position\":\"top-left\",\"title_rotation\":\"left\",\"title_breakpoint\":\"xl\",\"image_position\":\"center-center\",\"animation\":\"slide-bottom-small\",\"animation_delay\":\"200\"},\"children\":[{\"type\":\"row\",\"props\":{\"layout\":\"1-4,1-4,1-4,1-4|1-2,1-2,1-2,1-2\"},\"children\":[{\"type\":\"column\",\"props\":{\"position_sticky_breakpoint\":\"m\",\"image_position\":\"center-center\",\"media_overlay_gradient\":\"\",\"width_medium\":\"1-4\",\"width_small\":\"1-2\"},\"children\":[{\"type\":\"panel\",\"props\":{\"link_text\":\"Download\",\"title_hover_style\":\"reset\",\"title_element\":\"h4\",\"title_align\":\"top\",\"title_grid_width\":\"1-2\",\"title_grid_breakpoint\":\"m\",\"meta_style\":\"meta\",\"meta_align\":\"below-title\",\"meta_element\":\"div\",\"content_column_breakpoint\":\"m\",\"icon_width\":80,\"image_align\":\"between\",\"image_grid_width\":\"1-2\",\"image_grid_breakpoint\":\"m\",\"image_svg_color\":\"emphasis\",\"link_style\":\"secondary\",\"margin\":\"default\",\"title\":\"Guia\",\"image\":\"wp-content\\\/uploads\\\/2022\\\/04\\\/intro-img.svg\",\"link\":\"wp-content\\\/uploads\\\/2023\\\/12\\\/Module_s-Guide.pdf\",\"link_target\":true,\"panel_style\":\"card-secondary\",\"panel_link\":true,\"panel_padding\":\"default\",\"link_fullwidth\":true,\"text_align\":\"center\",\"title_style\":\"h3\"},\"name\":\"Guide\"}]},{\"type\":\"column\",\"props\":{\"position_sticky_breakpoint\":\"m\",\"image_position\":\"center-center\",\"media_overlay_gradient\":\"\",\"width_medium\":\"1-4\",\"width_small\":\"1-2\"},\"children\":[{\"type\":\"panel\",\"props\":{\"link_text\":\"Download\",\"title_hover_style\":\"reset\",\"title_element\":\"h4\",\"title_align\":\"top\",\"title_grid_width\":\"1-2\",\"title_grid_breakpoint\":\"m\",\"meta_style\":\"meta\",\"meta_align\":\"below-title\",\"meta_element\":\"div\",\"content_column_breakpoint\":\"m\",\"icon_width\":80,\"image_align\":\"between\",\"image_grid_width\":\"1-2\",\"image_grid_breakpoint\":\"m\",\"image_svg_color\":\"emphasis\",\"link_style\":\"secondary\",\"margin\":\"default\",\"title\":\"M\\u00f3dulo 1\",\"image\":\"wp-content\\\/uploads\\\/2022\\\/04\\\/intro-img.svg\",\"link\":\"wp-content\\\/uploads\\\/2023\\\/12\\\/Module-1-pt-PT.pdf\",\"link_target\":true,\"panel_style\":\"card-secondary\",\"panel_link\":true,\"panel_padding\":\"default\",\"link_fullwidth\":true,\"text_align\":\"center\",\"title_style\":\"h3\"},\"name\":\"Module 1\"}]},{\"type\":\"column\",\"props\":{\"position_sticky_breakpoint\":\"m\",\"image_position\":\"center-center\",\"media_overlay_gradient\":\"\",\"width_medium\":\"1-4\",\"width_small\":\"1-2\"},\"children\":[{\"type\":\"panel\",\"props\":{\"link_text\":\"Download\",\"title_hover_style\":\"reset\",\"title_element\":\"h4\",\"title_align\":\"top\",\"title_grid_width\":\"1-2\",\"title_grid_breakpoint\":\"m\",\"meta_style\":\"meta\",\"meta_align\":\"below-title\",\"meta_element\":\"div\",\"content_column_breakpoint\":\"m\",\"icon_width\":80,\"image_align\":\"between\",\"image_grid_width\":\"1-2\",\"image_grid_breakpoint\":\"m\",\"image_svg_color\":\"emphasis\",\"link_style\":\"secondary\",\"margin\":\"default\",\"title\":\"M\\u00f3dulo 2\",\"image\":\"wp-content\\\/uploads\\\/2022\\\/04\\\/intro-img.svg\",\"link\":\"wp-content\\\/uploads\\\/2023\\\/12\\\/Module-2-pt-PT.pdf\",\"link_target\":true,\"panel_style\":\"card-secondary\",\"panel_link\":true,\"panel_padding\":\"default\",\"link_fullwidth\":true,\"text_align\":\"center\",\"title_style\":\"h3\"},\"name\":\"Module 2\"}]},{\"type\":\"column\",\"props\":{\"position_sticky_breakpoint\":\"m\",\"image_position\":\"center-center\",\"media_overlay_gradient\":\"\",\"width_medium\":\"1-4\",\"width_small\":\"1-2\"},\"children\":[{\"type\":\"panel\",\"props\":{\"link_text\":\"Download\",\"title_hover_style\":\"reset\",\"title_element\":\"h4\",\"title_align\":\"top\",\"title_grid_width\":\"1-2\",\"title_grid_breakpoint\":\"m\",\"meta_style\":\"meta\",\"meta_align\":\"below-title\",\"meta_element\":\"div\",\"content_column_breakpoint\":\"m\",\"icon_width\":80,\"image_align\":\"between\",\"image_grid_width\":\"1-2\",\"image_grid_breakpoint\":\"m\",\"image_svg_color\":\"emphasis\",\"link_style\":\"secondary\",\"margin\":\"default\",\"title\":\"M\\u00f3dulo 3\",\"image\":\"wp-content\\\/uploads\\\/2022\\\/04\\\/intro-img.svg\",\"link\":\"wp-content\\\/uploads\\\/2023\\\/12\\\/Module-3-pt-PT.pdf\",\"link_target\":true,\"panel_style\":\"card-secondary\",\"panel_link\":true,\"panel_padding\":\"default\",\"link_fullwidth\":true,\"text_align\":\"center\",\"title_style\":\"h3\"},\"name\":\"Module 3\"}]}]},{\"type\":\"row\",\"children\":[{\"type\":\"column\",\"props\":{\"position_sticky_breakpoint\":\"m\",\"image_position\":\"center-center\",\"media_overlay_gradient\":\"\"},\"children\":[{\"type\":\"headline\",\"props\":{\"title_element\":\"h3\",\"title_style\":\"h3\",\"content\":\"<span class=\\\"HwtZe\\\" jsaction=\\\"mouseup:Sxi9L,BR6jm; mousedown:qjlr0e\\\" jsname=\\\"jqKxS\\\" lang=\\\"pt\\\"><span jsaction=\\\"agoMJf:PFBcW;MZfLnc:P7O7bd;nt4Alf:pvnm0e,pfE8Hb,PFBcW;B01qod:dJXsye;H1e5u:iXtTIf;lYIUJf:hij5Wb;bmeZHc:iURhpf;Oxj3Xe:qAKMYb,yaf12d\\\" jsname=\\\"txFAF\\\" class=\\\"jCAhz ChMk0b\\\" jscontroller=\\\"Gn4SMb\\\"><span class=\\\"ryNqvb\\\" jsaction=\\\"click:E6Tfl,GFf3ac,tMZCfe; contextmenu:Nqw7Te,QP7LD; mouseout:Nqw7Te; mouseover:E6Tfl,c2aHje\\\" jsname=\\\"W297wb\\\">Material de apoio<\\\/span><\\\/span><\\\/span>\"}},{\"type\":\"text\",\"props\":{\"margin\":\"default\",\"column_breakpoint\":\"m\",\"content\":\"\n\n<p><span class=\\\"HwtZe\\\" jsaction=\\\"mouseup:Sxi9L,BR6jm; mousedown:qjlr0e\\\" jsname=\\\"jqKxS\\\" lang=\\\"pt\\\"><span jsaction=\\\"agoMJf:PFBcW;MZfLnc:P7O7bd;nt4Alf:pvnm0e,pfE8Hb,PFBcW;B01qod:dJXsye;H1e5u:iXtTIf;lYIUJf:hij5Wb;bmeZHc:iURhpf;Oxj3Xe:qAKMYb,yaf12d\\\" jsname=\\\"txFAF\\\" class=\\\"jCAhz ChMk0b\\\" jscontroller=\\\"Gn4SMb\\\"><span class=\\\"ryNqvb\\\" jsaction=\\\"click:E6Tfl,GFf3ac,tMZCfe; contextmenu:Nqw7Te,QP7LD; mouseout:Nqw7Te; mouseover:E6Tfl,c2aHje\\\" jsname=\\\"W297wb\\\">Para os exerc\\u00edcios pr\\u00e1ticos dos m\\u00f3dulos, voc\\u00ea pode utilizar o seguinte material:<\\\/span><\\\/span><\\\/span><\\\/p>\"}}]}]},{\"type\":\"row\",\"props\":{\"layout\":\"1-3,1-3,1-3\"},\"children\":[{\"type\":\"column\",\"props\":{\"position_sticky_breakpoint\":\"m\",\"image_position\":\"center-center\",\"media_overlay_gradient\":\"\",\"width_medium\":\"1-3\"},\"children\":[{\"type\":\"panel\",\"props\":{\"link_text\":\"Download\",\"title_hover_style\":\"reset\",\"title_element\":\"h4\",\"title_align\":\"top\",\"title_grid_width\":\"1-2\",\"title_grid_breakpoint\":\"m\",\"meta_style\":\"meta\",\"meta_align\":\"below-title\",\"meta_element\":\"div\",\"content_column_breakpoint\":\"m\",\"icon_width\":80,\"image_align\":\"between\",\"image_grid_width\":\"1-2\",\"image_grid_breakpoint\":\"m\",\"image_svg_color\":\"emphasis\",\"link_style\":\"secondary\",\"margin\":\"default\",\"title\":\"Fichas de trabalho\",\"image\":\"wp-content\\\/uploads\\\/2022\\\/04\\\/intro-img.svg\",\"link\":\"wp-content\\\/uploads\\\/2023\\\/12\\\/WORKSHEETS_PT.pdf\",\"link_target\":true,\"panel_style\":\"card-secondary\",\"panel_link\":true,\"panel_padding\":\"default\",\"link_fullwidth\":true,\"text_align\":\"center\",\"title_style\":\"h3\"},\"name\":\"Worksheets\"}]},{\"type\":\"column\",\"props\":{\"position_sticky_breakpoint\":\"m\",\"image_position\":\"center-center\",\"media_overlay_gradient\":\"\",\"width_medium\":\"1-3\"},\"children\":[{\"type\":\"panel\",\"props\":{\"link_text\":\"Download\",\"title_hover_style\":\"reset\",\"title_element\":\"h4\",\"title_align\":\"top\",\"title_grid_width\":\"1-2\",\"title_grid_breakpoint\":\"m\",\"meta_style\":\"meta\",\"meta_align\":\"below-title\",\"meta_element\":\"div\",\"content_column_breakpoint\":\"m\",\"icon_width\":80,\"image_align\":\"between\",\"image_grid_width\":\"1-2\",\"image_grid_breakpoint\":\"m\",\"image_svg_color\":\"emphasis\",\"link_style\":\"secondary\",\"margin\":\"default\",\"title\":\"SWOT Analysis\",\"image\":\"wp-content\\\/uploads\\\/2022\\\/04\\\/intro-img.svg\",\"link\":\"wp-content\\\/uploads\\\/2023\\\/12\\\/DigiLEAD-SWOT_v2_PT.xlsx\",\"link_target\":true,\"panel_style\":\"card-secondary\",\"panel_link\":true,\"panel_padding\":\"default\",\"link_fullwidth\":true,\"text_align\":\"center\",\"title_style\":\"h3\"},\"name\":\"SWOT Analysis\"}]},{\"type\":\"column\",\"props\":{\"position_sticky_breakpoint\":\"m\",\"image_position\":\"center-center\",\"media_overlay_gradient\":\"\",\"width_medium\":\"1-3\"},\"children\":[]}]}]}],\"version\":\"2.7.22\"} --><\/p>\n","protected":false},"excerpt":{"rendered":"<p>Curso de Forma\u00e7\u00e3o Este \u00e9 um curso de forma\u00e7\u00e3o presencial para l\u00edderes escolares sobre como desenvolver estrat\u00e9gias de transforma\u00e7\u00e3o digital nas suas escolas. Guia Download..<\/p>\n","protected":false},"author":1,"featured_media":0,"parent":0,"menu_order":0,"comment_status":"closed","ping_status":"closed","template":"","meta":{"_acf_changed":false,"inline_featured_image":false,"footnotes":""},"class_list":["post-1496","page","type-page","status-publish","hentry"],"acf":[],"_links":{"self":[{"href":"https:\/\/digilead-project.eu\/pt-pt\/wp-json\/wp\/v2\/pages\/1496","targetHints":{"allow":["GET"]}}],"collection":[{"href":"https:\/\/digilead-project.eu\/pt-pt\/wp-json\/wp\/v2\/pages"}],"about":[{"href":"https:\/\/digilead-project.eu\/pt-pt\/wp-json\/wp\/v2\/types\/page"}],"author":[{"embeddable":true,"href":"https:\/\/digilead-project.eu\/pt-pt\/wp-json\/wp\/v2\/users\/1"}],"replies":[{"embeddable":true,"href":"https:\/\/digilead-project.eu\/pt-pt\/wp-json\/wp\/v2\/comments?post=1496"}],"version-history":[{"count":0,"href":"https:\/\/digilead-project.eu\/pt-pt\/wp-json\/wp\/v2\/pages\/1496\/revisions"}],"wp:attachment":[{"href":"https:\/\/digilead-project.eu\/pt-pt\/wp-json\/wp\/v2\/media?parent=1496"}],"curies":[{"name":"wp","href":"https:\/\/api.w.org\/{rel}","templated":true}]}}