{"id":1120,"date":"2022-04-08T10:58:24","date_gmt":"2022-04-08T10:58:24","guid":{"rendered":"https:\/\/digilead-project.eu\/toolkit\/"},"modified":"2022-12-29T10:17:52","modified_gmt":"2022-12-29T10:17:52","slug":"toolkit","status":"publish","type":"page","link":"https:\/\/digilead-project.eu\/pt-pt\/toolkit\/","title":{"rendered":"Kit de Ferramentas"},"content":{"rendered":"<h1>Kit de Ferramentas<\/h1>\n<div>\n<p>        <img decoding=\"async\" src=\"\/wp-content\/uploads\/2022\/04\/DigiLEAD_Toolkit-05.svg\" alt=\"\"><\/p>\n<div>\n<p>O cons\u00f3rcio ir\u00e1 desenvolver um kit de ferramentas de Transforma\u00e7\u00e3o Digital dedicada aos l\u00edderes escolares e alinhada com a abordagem DigCompEdu, contendo orienta\u00e7\u00f5es e material educativo para apoiar o desenvolvimento e implementa\u00e7\u00e3o de uma estrat\u00e9gia relevante.<\/p>\n<\/div>\n<p><a href=\"\/wp-content\/uploads\/2022\/12\/DigiLEAD_Toolkit-PT_20221220.pdf\">Leia o kit de ferramentas<\/a><\/p>\n<\/div>\n<p><!--more--><br \/>\n<!-- {\"name\":\"deleteme\",\"type\":\"layout\",\"children\":[{\"type\":\"section\",\"props\":{\"style\":\"default\",\"width\":\"default\",\"vertical_align\":\"middle\",\"title_position\":\"top-left\",\"title_rotation\":\"left\",\"title_breakpoint\":\"xl\",\"image_position\":\"center-center\",\"padding_remove_top\":true,\"animation\":\"fade\"},\"children\":[{\"type\":\"row\",\"children\":[{\"type\":\"column\",\"props\":{\"position_sticky_breakpoint\":\"m\",\"image_position\":\"center-center\",\"media_overlay_gradient\":\"\"},\"children\":[{\"type\":\"headline\",\"props\":{\"title_element\":\"h1\",\"title_style\":\"h1\",\"title_color\":\"success\",\"text_align\":\"left\",\"content\":\"Kit de Ferramentas\"}},{\"type\":\"panel\",\"props\":{\"link_text\":\"Leia o kit de ferramentas\",\"title_hover_style\":\"reset\",\"title_element\":\"h3\",\"title_align\":\"top\",\"title_grid_width\":\"1-2\",\"title_grid_breakpoint\":\"m\",\"meta_style\":\"meta\",\"meta_align\":\"below-title\",\"meta_element\":\"div\",\"content_column_breakpoint\":\"m\",\"icon_width\":80,\"image_align\":\"left\",\"image_grid_width\":\"1-3\",\"image_grid_breakpoint\":\"m\",\"image_svg_color\":\"emphasis\",\"link_style\":\"secondary\",\"margin\":\"default\",\"image\":\"wp-content\\\/uploads\\\/2022\\\/04\\\/DigiLEAD_Toolkit-05.svg\",\"content\":\"\n\n<p>O cons\\u00f3rcio ir\\u00e1 desenvolver um kit de ferramentas de Transforma\\u00e7\\u00e3o Digital dedicada aos l\\u00edderes escolares e alinhada com a abordagem DigCompEdu, contendo orienta\\u00e7\\u00f5es e material educativo para apoiar o desenvolvimento e implementa\\u00e7\\u00e3o de uma estrat\\u00e9gia relevante.<\\\/p>\",\"link\":\"\\\/wp-content\\\/uploads\\\/2022\\\/12\\\/DigiLEAD_Toolkit-PT_20221220.pdf\"}}]}]}],\"name\":\"News\"}],\"version\":\"2.7.22\"} --><\/p>\n","protected":false},"excerpt":{"rendered":"<p>Kit de Ferramentas O cons\u00f3rcio ir\u00e1 desenvolver um kit de ferramentas de Transforma\u00e7\u00e3o Digital dedicada aos l\u00edderes escolares e alinhada com a abordagem DigCompEdu, contendo..<\/p>\n","protected":false},"author":1,"featured_media":0,"parent":0,"menu_order":0,"comment_status":"closed","ping_status":"closed","template":"","meta":{"_acf_changed":false,"inline_featured_image":false,"footnotes":""},"class_list":["post-1120","page","type-page","status-publish","hentry"],"acf":[],"_links":{"self":[{"href":"https:\/\/digilead-project.eu\/pt-pt\/wp-json\/wp\/v2\/pages\/1120","targetHints":{"allow":["GET"]}}],"collection":[{"href":"https:\/\/digilead-project.eu\/pt-pt\/wp-json\/wp\/v2\/pages"}],"about":[{"href":"https:\/\/digilead-project.eu\/pt-pt\/wp-json\/wp\/v2\/types\/page"}],"author":[{"embeddable":true,"href":"https:\/\/digilead-project.eu\/pt-pt\/wp-json\/wp\/v2\/users\/1"}],"replies":[{"embeddable":true,"href":"https:\/\/digilead-project.eu\/pt-pt\/wp-json\/wp\/v2\/comments?post=1120"}],"version-history":[{"count":0,"href":"https:\/\/digilead-project.eu\/pt-pt\/wp-json\/wp\/v2\/pages\/1120\/revisions"}],"wp:attachment":[{"href":"https:\/\/digilead-project.eu\/pt-pt\/wp-json\/wp\/v2\/media?parent=1120"}],"curies":[{"name":"wp","href":"https:\/\/api.w.org\/{rel}","templated":true}]}}