{"id":1105,"date":"2022-04-20T09:35:34","date_gmt":"2022-04-20T09:35:34","guid":{"rendered":"https:\/\/digilead-project.eu\/policy-recommendations\/"},"modified":"2024-01-19T09:04:08","modified_gmt":"2024-01-19T09:04:08","slug":"policy-recommendations","status":"publish","type":"page","link":"https:\/\/digilead-project.eu\/pt-pt\/policy-recommendations\/","title":{"rendered":"Recomenda\u00e7\u00f5es pol\u00edticas"},"content":{"rendered":"<h1>Recomenda\u00e7\u00f5es pol\u00edticas<\/h1>\n<div>\n<p>        <img decoding=\"async\" src=\"\/wp-content\/uploads\/2022\/05\/policy-recommendations.svg\" alt=\"\"><\/p>\n<div>\n<p>Ser\u00e1 elaborado um relat\u00f3rio com um conjunto de li\u00e7\u00f5es aprendidas, bons exemplos, estudos de caso, boas pr\u00e1ticas, e recomenda\u00e7\u00f5es pol\u00edticas.<\/p>\n<\/div>\n<p><a href=\"https:\/\/digilead-project.eu\/wp-content\/uploads\/2024\/01\/nDigiLEAD_PR4_PT_withBulgarianinput.pdf\">Leia o relat\u00f3rio<\/a><\/p>\n<\/div>\n<p><!--more--><br \/>\n<!-- {\"name\":\"Left-right template\",\"type\":\"layout\",\"children\":[{\"type\":\"section\",\"props\":{\"style\":\"default\",\"width\":\"default\",\"vertical_align\":\"middle\",\"title_position\":\"top-left\",\"title_rotation\":\"left\",\"title_breakpoint\":\"xl\",\"image_position\":\"center-center\",\"padding_remove_top\":true,\"animation\":\"fade\"},\"children\":[{\"type\":\"row\",\"children\":[{\"type\":\"column\",\"props\":{\"position_sticky_breakpoint\":\"m\",\"image_position\":\"center-center\",\"media_overlay_gradient\":\"\"},\"children\":[{\"type\":\"headline\",\"props\":{\"title_element\":\"h1\",\"title_style\":\"h1\",\"title_color\":\"success\",\"text_align\":\"left\",\"content\":\"Recomenda\\u00e7\\u00f5es pol\\u00edticas\"}},{\"type\":\"panel\",\"props\":{\"link_text\":\"Leia o relat\\u00f3rio\",\"title_hover_style\":\"reset\",\"title_element\":\"h3\",\"title_align\":\"top\",\"title_grid_width\":\"1-2\",\"title_grid_breakpoint\":\"m\",\"meta_style\":\"meta\",\"meta_align\":\"below-title\",\"meta_element\":\"div\",\"content_column_breakpoint\":\"m\",\"icon_width\":80,\"image_align\":\"left\",\"image_grid_width\":\"1-3\",\"image_grid_breakpoint\":\"m\",\"image_svg_color\":\"emphasis\",\"link_style\":\"secondary\",\"margin\":\"default\",\"image\":\"wp-content\\\/uploads\\\/2022\\\/05\\\/policy-recommendations.svg\",\"content\":\"\n\n<p>Ser\\u00e1 elaborado um relat\\u00f3rio com um conjunto de li\\u00e7\\u00f5es aprendidas, bons exemplos, estudos de caso, boas pr\\u00e1ticas, e recomenda\\u00e7\\u00f5es pol\\u00edticas.<\\\/p>\",\"link\":\"https:\\\/\\\/digilead-project.eu\\\/wp-content\\\/uploads\\\/2024\\\/01\\\/nDigiLEAD_PR4_PT_withBulgarianinput.pdf\",\"image_width\":\"300\",\"link_target\":true}}]}]}],\"name\":\"News\"}],\"version\":\"2.7.22\"} --><\/p>\n","protected":false},"excerpt":{"rendered":"<p>Recomenda\u00e7\u00f5es pol\u00edticas Ser\u00e1 elaborado um relat\u00f3rio com um conjunto de li\u00e7\u00f5es aprendidas, bons exemplos, estudos de caso, boas pr\u00e1ticas, e recomenda\u00e7\u00f5es pol\u00edticas. Leia o relat\u00f3rio<\/p>\n","protected":false},"author":1,"featured_media":0,"parent":0,"menu_order":0,"comment_status":"closed","ping_status":"closed","template":"","meta":{"_acf_changed":false,"inline_featured_image":false,"footnotes":""},"class_list":["post-1105","page","type-page","status-publish","hentry"],"acf":[],"_links":{"self":[{"href":"https:\/\/digilead-project.eu\/pt-pt\/wp-json\/wp\/v2\/pages\/1105","targetHints":{"allow":["GET"]}}],"collection":[{"href":"https:\/\/digilead-project.eu\/pt-pt\/wp-json\/wp\/v2\/pages"}],"about":[{"href":"https:\/\/digilead-project.eu\/pt-pt\/wp-json\/wp\/v2\/types\/page"}],"author":[{"embeddable":true,"href":"https:\/\/digilead-project.eu\/pt-pt\/wp-json\/wp\/v2\/users\/1"}],"replies":[{"embeddable":true,"href":"https:\/\/digilead-project.eu\/pt-pt\/wp-json\/wp\/v2\/comments?post=1105"}],"version-history":[{"count":0,"href":"https:\/\/digilead-project.eu\/pt-pt\/wp-json\/wp\/v2\/pages\/1105\/revisions"}],"wp:attachment":[{"href":"https:\/\/digilead-project.eu\/pt-pt\/wp-json\/wp\/v2\/media?parent=1105"}],"curies":[{"name":"wp","href":"https:\/\/api.w.org\/{rel}","templated":true}]}}