{"id":1099,"date":"2022-02-24T14:11:37","date_gmt":"2022-02-24T14:11:37","guid":{"rendered":"https:\/\/digilead-project.eu\/elearning\/"},"modified":"2024-01-19T12:32:43","modified_gmt":"2024-01-19T12:32:43","slug":"elearning","status":"publish","type":"page","link":"https:\/\/digilead-project.eu\/pt-pt\/elearning\/","title":{"rendered":"eLearning"},"content":{"rendered":"<h1>eLEARNING<\/h1>\n<div>\n<p>        <img decoding=\"async\" src=\"\/wp-content\/uploads\/2022\/04\/e-learning-digilead.svg\" alt=\"e-learning-digilead\"><\/p>\n<div>Plataforma de eLearning com 3 m\u00f3dulos dedicados \u00e0 Lideran\u00e7a com Tecnologia.<\/div>\n<p><a href=\"https:\/\/digilead.kmop.org\/\">Visite a Plataforma<\/a><\/p>\n<\/div>\n<p><!--more--><br \/>\n<!-- {\"type\":\"layout\",\"children\":[{\"type\":\"section\",\"props\":{\"style\":\"default\",\"width\":\"default\",\"vertical_align\":\"middle\",\"title_position\":\"top-left\",\"title_rotation\":\"left\",\"title_breakpoint\":\"xl\",\"image_position\":\"center-center\",\"padding_remove_top\":true,\"animation\":\"fade\"},\"children\":[{\"type\":\"row\",\"children\":[{\"type\":\"column\",\"props\":{\"position_sticky_breakpoint\":\"m\",\"image_position\":\"center-center\",\"media_overlay_gradient\":\"\"},\"children\":[{\"type\":\"headline\",\"props\":{\"title_element\":\"h1\",\"content\":\"eLEARNING\",\"title_color\":\"success\"}},{\"type\":\"panel\",\"props\":{\"link_text\":\"Visite a Plataforma\",\"title_hover_style\":\"reset\",\"title_element\":\"h3\",\"title_align\":\"top\",\"title_grid_width\":\"1-2\",\"title_grid_breakpoint\":\"m\",\"meta_style\":\"meta\",\"meta_align\":\"below-title\",\"meta_element\":\"div\",\"content_column_breakpoint\":\"m\",\"icon_width\":80,\"image_align\":\"left\",\"image_grid_width\":\"1-3\",\"image_grid_breakpoint\":\"m\",\"image_svg_color\":\"emphasis\",\"link_style\":\"secondary\",\"margin\":\"default\",\"title\":\"\",\"content\":\"Plataforma de eLearning com 3 m\\u00f3dulos dedicados \\u00e0 Lideran\\u00e7a com Tecnologia.\",\"image\":\"wp-content\\\/uploads\\\/2022\\\/04\\\/e-learning-digilead.svg\",\"title_color\":\"success\",\"link\":\"https:\\\/\\\/digilead.kmop.org\\\/\",\"image_alt\":\"e-learning-digilead\",\"link_target\":true},\"name\":\"left-image-panel\"}]}]}]}],\"version\":\"2.7.22\"} --><\/p>\n","protected":false},"excerpt":{"rendered":"<p>eLEARNING Plataforma de eLearning com 3 m\u00f3dulos dedicados \u00e0 Lideran\u00e7a com Tecnologia. Visite a Plataforma<\/p>\n","protected":false},"author":1,"featured_media":0,"parent":0,"menu_order":0,"comment_status":"closed","ping_status":"closed","template":"","meta":{"_acf_changed":false,"inline_featured_image":false,"footnotes":""},"class_list":["post-1099","page","type-page","status-publish","hentry"],"acf":[],"_links":{"self":[{"href":"https:\/\/digilead-project.eu\/pt-pt\/wp-json\/wp\/v2\/pages\/1099","targetHints":{"allow":["GET"]}}],"collection":[{"href":"https:\/\/digilead-project.eu\/pt-pt\/wp-json\/wp\/v2\/pages"}],"about":[{"href":"https:\/\/digilead-project.eu\/pt-pt\/wp-json\/wp\/v2\/types\/page"}],"author":[{"embeddable":true,"href":"https:\/\/digilead-project.eu\/pt-pt\/wp-json\/wp\/v2\/users\/1"}],"replies":[{"embeddable":true,"href":"https:\/\/digilead-project.eu\/pt-pt\/wp-json\/wp\/v2\/comments?post=1099"}],"version-history":[{"count":0,"href":"https:\/\/digilead-project.eu\/pt-pt\/wp-json\/wp\/v2\/pages\/1099\/revisions"}],"wp:attachment":[{"href":"https:\/\/digilead-project.eu\/pt-pt\/wp-json\/wp\/v2\/media?parent=1099"}],"curies":[{"name":"wp","href":"https:\/\/api.w.org\/{rel}","templated":true}]}}