{"id":1082,"date":"2022-02-24T14:11:37","date_gmt":"2022-02-24T14:11:37","guid":{"rendered":"https:\/\/digilead-project.eu\/home\/"},"modified":"2024-02-06T08:53:12","modified_gmt":"2024-02-06T08:53:12","slug":"home","status":"publish","type":"page","link":"https:\/\/digilead-project.eu\/pt-pt\/","title":{"rendered":"In\u00edcio"},"content":{"rendered":"<h1>Apoio aos L\u00edderes Escolares para construir uma Estrat\u00e9gia de Transforma\u00e7\u00e3o Digital<\/h1>\n<h2>Sobre<\/h2>\n<div>\n<p>Com a pandemia de Covid-19 a afetar todos os aspetos da vida e especialmente a educa\u00e7\u00e3o escolar, este projeto responde a uma necessidade muito espec\u00edfica: aumentar as compet\u00eancias das equipas de lideran\u00e7a escolar para desenvolver e implementar estrat\u00e9gias digitais nas suas escolas.<\/p>\n<\/div>\n<p>\n    <a href=\"\/pt\/about\/\">Ler mais<\/a>\n<\/p>\n<ul>\n<li>\n<p>        <img decoding=\"async\" src=\"\/wp-content\/uploads\/2022\/04\/Outputs_DigiLEAD_ICONS-05.svg\" alt=\"Aims\"><\/p>\n<div>\n<h5 style=\"text-align: center;\">Finalidade e Objetivos<\/h5>\n<\/div>\n<p><a href=\"\/pt\/about\/\"><\/a><\/p>\n<\/li>\n<li>\n<p>        <img decoding=\"async\" src=\"\/wp-content\/uploads\/2022\/04\/Outputs_DigiLEAD_ICONS-07.svg\" alt=\"Outputs_DigiLEAD_ICONS-07\"><\/p>\n<div>\n<h5 style=\"text-align: center;\">Metodologia<\/h5>\n<\/div>\n<p><a href=\"\/pt\/about#th---titleMethod\"><\/a><\/p>\n<\/li>\n<li>\n<p>        <img decoding=\"async\" src=\"\/wp-content\/uploads\/2022\/04\/Outputs_DigiLEAD_ICONS-06.svg\" alt=\"Outputs_DigiLEAD_ICONS-06\"><\/p>\n<div>\n<h5 style=\"text-align: center;\">Produtos<\/h5>\n<\/div>\n<p><a href=\"\/pt\/about#th---titleOutputs\"><\/a><\/p>\n<\/li>\n<\/ul>\n<h2>eLEARNING<\/h2>\n<div>\n<p>O cons\u00f3rcio do projeto desenvolveu um manual de recursos e atividades de aprendizagem, centrado nas compet\u00eancias e ferramentas estrat\u00e9gicas para apoiar o desenvolvimento de uma pol\u00edtica digital a ser implementada pelos l\u00edderes escolares e envolvendo o pessoal escolar, os professores, os designers de aprendizagem e os especialistas em tecnologias educativas.<\/p>\n<\/div>\n<p>\n    <a href=\"\/pt\/elearning\/\">Ler mais<\/a>\n<\/p>\n<p><img decoding=\"async\" src=\"\/wp-content\/uploads\/2022\/04\/e-learning-digilead.svg\" alt=\"e-learning-digilead\"><\/p>\n<p><!--more--><br \/>\n<!-- {\"type\":\"layout\",\"children\":[{\"type\":\"section\",\"props\":{\"style\":\"default\",\"width\":\"expand\",\"vertical_align\":\"\",\"title_position\":\"top-left\",\"title_rotation\":\"left\",\"title_breakpoint\":\"xl\",\"image_position\":\"bottom-center\",\"id\":\"th--section-1\",\"height\":\"full\",\"image\":\"wp-content\\\/uploads\\\/2022\\\/04\\\/intro-image-digilead.svg\",\"class\":\"uk-height-1-1\",\"attributes\":\"\",\"image_parallax_bgx_start\":\"0\",\"image_parallax_bgy_start\":\"-100\",\"image_width\":\"400\",\"image_parallax_bgy_end\":\"5\",\"status\":\"\",\"animation\":\"fade\"},\"children\":[{\"type\":\"row\",\"children\":[{\"type\":\"column\",\"props\":{\"position_sticky_breakpoint\":\"m\",\"image_position\":\"center-center\",\"media_overlay_gradient\":\"\",\"width_medium\":\"\"},\"children\":[{\"type\":\"headline\",\"props\":{\"title_element\":\"h1\",\"title_color\":\"primary\",\"content\":\"Apoio aos L\\u00edderes Escolares para construir uma Estrat\\u00e9gia de Transforma\\u00e7\\u00e3o Digital\",\"title_style\":\"h2\",\"maxwidth\":\"xlarge\",\"block_align\":\"center\",\"text_align\":\"center\",\"animation\":\"parallax\",\"position_top\":\"-220\",\"parallax_opacity_start\":\"1\",\"parallax_opacity_end\":\"0.4\"}}]}]}],\"name\":\"INTRO\"},{\"type\":\"section\",\"props\":{\"style\":\"default\",\"width\":\"expand\",\"vertical_align\":\"bottom\",\"title_position\":\"top-left\",\"title_rotation\":\"left\",\"title_breakpoint\":\"xl\",\"image_position\":\"top-center\",\"padding\":\"small\",\"id\":\"th--section-about\",\"height\":\"full\",\"attributes\":\"\",\"class\":\"\",\"title\":\"\",\"overlap\":false,\"image\":\"wp-content\\\/uploads\\\/2022\\\/04\\\/about_top_purple-08.svg\"},\"children\":[{\"type\":\"row\",\"children\":[{\"type\":\"column\",\"props\":{\"position_sticky_breakpoint\":\"m\",\"image_position\":\"center-center\",\"media_overlay_gradient\":\"\"},\"children\":[{\"type\":\"headline\",\"props\":{\"title_element\":\"h2\",\"title_color\":\"secondary\",\"content\":\"Sobre\",\"title_style\":\"h2\",\"maxwidth\":\"xlarge\",\"block_align\":\"center\",\"text_align\":\"center\",\"animation\":\"none\",\"parallax_y_start\":\"100\",\"parallax_easing\":\"-0.8\"}},{\"type\":\"text\",\"props\":{\"margin\":\"default\",\"column_breakpoint\":\"m\",\"content\":\"\n\n<p>Com a pandemia de Covid-19 a afetar todos os aspetos da vida e especialmente a educa\\u00e7\\u00e3o escolar, este projeto responde a uma necessidade muito espec\\u00edfica: aumentar as compet\\u00eancias das equipas de lideran\\u00e7a escolar para desenvolver e implementar estrat\\u00e9gias digitais nas suas escolas.<\\\/p>\",\"maxwidth\":\"2xlarge\",\"block_align\":\"center\",\"text_align\":\"center\"}},{\"type\":\"button\",\"props\":{\"grid_column_gap\":\"small\",\"grid_row_gap\":\"small\",\"margin\":\"default\",\"text_align\":\"center\"},\"children\":[{\"type\":\"button_item\",\"props\":{\"button_style\":\"primary\",\"icon_align\":\"left\",\"content\":\"[readmore_text]\",\"link\":\"pt\\\/about\\\/\"}}]},{\"type\":\"grid\",\"props\":{\"show_title\":false,\"show_meta\":false,\"show_content\":true,\"show_image\":true,\"show_link\":true,\"grid_default\":\"1\",\"grid_medium\":\"3\",\"filter_style\":\"tab\",\"filter_all\":true,\"filter_position\":\"top\",\"filter_align\":\"left\",\"filter_grid_width\":\"auto\",\"filter_grid_breakpoint\":\"m\",\"title_hover_style\":\"reset\",\"title_element\":\"h3\",\"title_align\":\"top\",\"title_grid_width\":\"1-2\",\"title_grid_breakpoint\":\"m\",\"meta_style\":\"meta\",\"meta_align\":\"below-title\",\"meta_element\":\"div\",\"content_column_breakpoint\":\"m\",\"icon_width\":\"180\",\"image_align\":\"top\",\"image_grid_width\":\"1-2\",\"image_grid_breakpoint\":\"m\",\"image_svg_color\":\"emphasis\",\"link_text\":\"\",\"link_style\":\"default\",\"margin\":\"xlarge\",\"item_animation\":true,\"grid_masonry\":false,\"grid_column_align\":true,\"panel_padding\":\"\",\"item_maxwidth\":\"small\",\"image_link\":true,\"animation\":\"parallax\",\"image_width\":\"130\",\"text_align\":\"center\",\"parallax_y_start\":\"100\",\"parallax_y_end\":\"-50\",\"parallax_viewport\":\"0.4\",\"content_margin\":\"small\",\"parallax_easing\":\"-1.2\",\"maxwidth\":\"2xlarge\",\"block_align\":\"center\",\"image_hover_box_shadow\":\"large\",\"image_box_shadow\":\"medium\"},\"children\":[{\"type\":\"grid_item\",\"props\":{\"image\":\"wp-content\\\/uploads\\\/2022\\\/04\\\/Outputs_DigiLEAD_ICONS-05.svg\",\"image_alt\":\"Aims\",\"title\":\"\",\"content\":\"\n\n<h5 style=\\\"text-align: center;\\\">Finalidade e Objetivos<\\\/h5>\",\"link\":\"pt\\\/about\\\/\"}},{\"type\":\"grid_item\",\"props\":{\"content\":\"\n\n<h5 style=\\\"text-align: center;\\\">Metodologia<\\\/h5>\",\"image\":\"wp-content\\\/uploads\\\/2022\\\/04\\\/Outputs_DigiLEAD_ICONS-07.svg\",\"image_alt\":\"Outputs_DigiLEAD_ICONS-07\",\"link\":\"pt\\\/\\\/about#th---titleMethod\"}},{\"type\":\"grid_item\",\"props\":{\"content\":\"\n\n<h5 style=\\\"text-align: center;\\\">Produtos<\\\/h5>\",\"image\":\"wp-content\\\/uploads\\\/2022\\\/04\\\/Outputs_DigiLEAD_ICONS-06.svg\",\"image_alt\":\"Outputs_DigiLEAD_ICONS-06\",\"link\":\"pt\\\/\\\/about#th---titleOutputs\"}}]}]}]}],\"name\":\"About\"},{\"type\":\"section\",\"props\":{\"style\":\"default\",\"width\":\"expand\",\"vertical_align\":\"bottom\",\"title_position\":\"top-left\",\"title_rotation\":\"left\",\"title_breakpoint\":\"xl\",\"image_position\":\"top-center\",\"padding\":\"small\",\"id\":\"th--section-elearning\",\"height\":\"full\",\"overlap\":false,\"attributes\":\"\",\"css\":\"\\n\",\"class\":\"\",\"image\":\"wp-content\\\/uploads\\\/2022\\\/04\\\/section_bg-sky-blue.svg\",\"image_parallax_bgy_start\":\"90\",\"image_size\":\"contain\"},\"children\":[{\"type\":\"row\",\"children\":[{\"type\":\"column\",\"props\":{\"position_sticky_breakpoint\":\"m\",\"image_position\":\"center-center\",\"media_overlay_gradient\":\"\"},\"children\":[{\"type\":\"headline\",\"props\":{\"title_element\":\"h2\",\"title_color\":\"primary\",\"content\":\"eLEARNING\",\"title_style\":\"h2\",\"maxwidth\":\"xlarge\",\"block_align\":\"center\",\"text_align\":\"center\",\"animation\":\"fade\"}},{\"type\":\"text\",\"props\":{\"margin\":\"default\",\"column_breakpoint\":\"m\",\"content\":\"\n\n<p>O cons\\u00f3rcio do projeto desenvolveu um manual de recursos e atividades de aprendizagem, centrado nas compet\\u00eancias e ferramentas estrat\\u00e9gicas para apoiar o desenvolvimento de uma pol\\u00edtica digital a ser implementada pelos l\\u00edderes escolares e envolvendo o pessoal escolar, os professores, os designers de aprendizagem e os especialistas em tecnologias educativas.<\\\/p>\",\"maxwidth\":\"2xlarge\",\"block_align\":\"center\",\"text_align\":\"center\",\"text_color\":\"primary\"}},{\"type\":\"button\",\"props\":{\"grid_column_gap\":\"small\",\"grid_row_gap\":\"small\",\"margin\":\"default\",\"text_align\":\"center\"},\"children\":[{\"type\":\"button_item\",\"props\":{\"button_style\":\"primary\",\"icon_align\":\"left\",\"content\":\"[readmore_text]\",\"link\":\"pt\\\/elearning\\\/\"}}]},{\"type\":\"image\",\"props\":{\"margin\":\"default\",\"image_svg_color\":\"emphasis\",\"image\":\"wp-content\\\/uploads\\\/2022\\\/04\\\/e-learning-digilead.svg\",\"text_align\":\"center\",\"image_alt\":\"e-learning-digilead\",\"image_svg_inline\":false,\"image_svg_animate\":false,\"maxwidth\":\"large\",\"block_align\":\"center\",\"animation\":\"parallax\",\"parallax_scale_start\":\"1.2\",\"parallax_viewport\":\"0.5\",\"parallax_y_start\":\"70\",\"link\":\"\"}}]}]}],\"name\":\"e-learning\"},{\"type\":\"section\",\"props\":{\"style\":\"default\",\"width\":\"expand\",\"vertical_align\":\"bottom\",\"title_position\":\"top-left\",\"title_rotation\":\"left\",\"title_breakpoint\":\"xl\",\"image_position\":\"top-center\",\"padding\":\"small\",\"id\":\"th--section-news\",\"height\":\"percent\",\"image\":\"wp-content\\\/uploads\\\/2022\\\/04\\\/section_bg-dark_blue.svg\",\"status\":\"disabled\"},\"children\":[{\"type\":\"row\",\"children\":[{\"type\":\"column\",\"props\":{\"position_sticky_breakpoint\":\"m\",\"image_position\":\"center-center\",\"media_overlay_gradient\":\"\"},\"children\":[{\"type\":\"headline\",\"props\":{\"title_element\":\"h2\",\"title_style\":\"h2\",\"title_color\":\"primary\",\"text_align\":\"center\",\"content\":\"[news_header]\"}},{\"type\":\"grid\",\"props\":{\"show_title\":true,\"show_meta\":false,\"show_content\":true,\"show_image\":true,\"show_link\":true,\"grid_default\":\"1\",\"grid_medium\":\"3\",\"filter_style\":\"tab\",\"filter_all\":true,\"filter_position\":\"top\",\"filter_align\":\"left\",\"filter_grid_width\":\"auto\",\"filter_grid_breakpoint\":\"m\",\"title_hover_style\":\"reset\",\"title_element\":\"h3\",\"title_align\":\"top\",\"title_grid_width\":\"1-2\",\"title_grid_breakpoint\":\"m\",\"meta_style\":\"meta\",\"meta_align\":\"below-title\",\"meta_element\":\"div\",\"content_column_breakpoint\":\"m\",\"icon_width\":80,\"image_align\":\"top\",\"image_grid_width\":\"1-2\",\"image_grid_breakpoint\":\"m\",\"image_svg_color\":\"emphasis\",\"link_text\":\"\",\"link_style\":\"secondary\",\"margin\":\"default\",\"item_animation\":false,\"panel_style\":\"tile-default\",\"class\":\"news-grid  uk-container uk-container-small\",\"panel_link\":true,\"animation\":\"none\",\"block_align\":\"center\"},\"children\":[{\"type\":\"grid_item\",\"props\":{\"link_text\":\"\"},\"source\":{\"query\":{\"name\":\"posts.customPosts\",\"arguments\":{\"terms\":[10],\"category_operator\":\"IN\",\"post_tag_operator\":\"IN\",\"users\":[],\"users_operator\":\"IN\",\"offset\":0,\"limit\":10,\"order\":\"date\",\"order_direction\":\"DESC\"}},\"props\":{\"title\":{\"filters\":{\"search\":\"\"},\"name\":\"title\"},\"content\":{\"filters\":{\"search\":\"\"},\"name\":\"excerpt\"},\"image\":{\"filters\":{\"search\":\"\"},\"name\":\"featuredImage.url\"},\"link\":{\"filters\":{\"search\":\"\"},\"name\":\"link\"}}}}]},{\"type\":\"button\",\"props\":{\"grid_column_gap\":\"small\",\"grid_row_gap\":\"small\",\"margin\":\"default\",\"text_align\":\"center\"},\"children\":[{\"type\":\"button_item\",\"props\":{\"button_style\":\"primary\",\"icon_align\":\"left\",\"content\":\"[all_news_header]\",\"link\":\"\\\/category\\\/news\\\/\"}}]}]}]}],\"name\":\"NEWS\"}],\"version\":\"2.7.22\"} --><\/p>\n","protected":false},"excerpt":{"rendered":"<p>Apoio aos L\u00edderes Escolares para construir uma Estrat\u00e9gia de Transforma\u00e7\u00e3o Digital Sobre Com a pandemia de Covid-19 a afetar todos os aspetos da vida e..<\/p>\n","protected":false},"author":1,"featured_media":0,"parent":0,"menu_order":0,"comment_status":"closed","ping_status":"closed","template":"","meta":{"_acf_changed":false,"inline_featured_image":false,"footnotes":""},"class_list":["post-1082","page","type-page","status-publish","hentry"],"acf":[],"_links":{"self":[{"href":"https:\/\/digilead-project.eu\/pt-pt\/wp-json\/wp\/v2\/pages\/1082","targetHints":{"allow":["GET"]}}],"collection":[{"href":"https:\/\/digilead-project.eu\/pt-pt\/wp-json\/wp\/v2\/pages"}],"about":[{"href":"https:\/\/digilead-project.eu\/pt-pt\/wp-json\/wp\/v2\/types\/page"}],"author":[{"embeddable":true,"href":"https:\/\/digilead-project.eu\/pt-pt\/wp-json\/wp\/v2\/users\/1"}],"replies":[{"embeddable":true,"href":"https:\/\/digilead-project.eu\/pt-pt\/wp-json\/wp\/v2\/comments?post=1082"}],"version-history":[{"count":0,"href":"https:\/\/digilead-project.eu\/pt-pt\/wp-json\/wp\/v2\/pages\/1082\/revisions"}],"wp:attachment":[{"href":"https:\/\/digilead-project.eu\/pt-pt\/wp-json\/wp\/v2\/media?parent=1082"}],"curies":[{"name":"wp","href":"https:\/\/api.w.org\/{rel}","templated":true}]}}